{"id":271,"date":"2013-01-22T13:26:59","date_gmt":"2013-01-22T13:26:59","guid":{"rendered":"http:\/\/www.mnkystudio.com\/theme-10\/?page_id=271"},"modified":"2024-12-17T09:17:11","modified_gmt":"2024-12-17T09:17:11","slug":"contacts","status":"publish","type":"page","link":"http:\/\/www.psicosedna.com\/cat\/contacts\/","title":{"rendered":"Contactar"},"content":{"rendered":"<div class=\"spacer\" style=\"height:40px\"><\/div>\n<div class=\"heading-wrapper\"><h6><span class=\"heading-line-left\"><\/span><strong>A Psicosedna t&#8217;escoltem, contacta amb nosaltres<\/strong><span class=\"heading-line-right\"><\/span><\/h6><\/div>\n<div class=\"spacer\" style=\"height:25px\"><\/div>\n<div class=\"column column-1-3\">\n<div class=\"su-spoiler su-spoiler-style-2 su-spoiler-open\"><div class=\"su-spoiler-title\"><i class=\"moon-arrow-right-2 spoiler-button\"><\/i><i class=\"moon-arrow-down spoiler-button spoiler-active\"><\/i>Adre\u00e7a<\/div><div class=\"su-spoiler-content\" style=\"display:block\">\nSant Francesc Xavier 27-29<br \/>\n08950 \u2013 Esplugues<br \/>\n(Barcelona)<br \/>\n<strong>Tel: 933 721 216<\/strong><br \/>\n<a href=\"mailto:info@psicosedna.com\">info@psicosedna.com <\/a><br \/>\n<\/div><\/div>\n<div class=\"su-spoiler su-spoiler-style-2 su-spoiler-open\"><div class=\"su-spoiler-title\"><i class=\"moon-arrow-right-2 spoiler-button\"><\/i><i class=\"moon-arrow-down spoiler-button spoiler-active\"><\/i>Horari<\/div><div class=\"su-spoiler-content\" style=\"display:block\">\n<strong>Dl &#8211; Dv: <\/strong>De 10:00 a 13:30<br \/>\n<strong>Dl &#8211; Dv: <\/strong>De 16:00 a 20:00<br \/>\n<\/div><\/div>\n<div class=\"su-spoiler su-spoiler-style-2 su-spoiler-open\"><div class=\"su-spoiler-title\"><i class=\"moon-arrow-right-2 spoiler-button\"><\/i><i class=\"moon-arrow-down spoiler-button spoiler-active\"><\/i>Horari Infermeria<\/div><div class=\"su-spoiler-content\" style=\"display:block\">\n<strong>Dm &#8211; Dm &#8211; Dj: <\/strong><\/p>\n<p>De 8:00 a 10:00<br \/>\n<\/div><\/div>\n<div class=\"su-spoiler su-spoiler-style-2 su-spoiler-open\"><div class=\"su-spoiler-title\"><i class=\"moon-arrow-right-2 spoiler-button\"><\/i><i class=\"moon-arrow-down spoiler-button spoiler-active\"><\/i>Mapa<\/div><div class=\"su-spoiler-content\" style=\"display:block\">\n<a title=\"Mapa\" href=\"http:\/\/www.psicosedna.com\/donde-estamos\/\">Centro Psicosedna<\/a><br \/>\n<\/div><\/div>\n<\/div>\n<div class=\"column column-2-3 column-last\">\n<div role=\"form\" class=\"wpcf7\" id=\"wpcf7-f6-o1\" lang=\"en-US\" dir=\"ltr\">\n<div class=\"screen-reader-response\"><p role=\"status\" aria-live=\"polite\" aria-atomic=\"true\"><\/p> <ul><\/ul><\/div>\n<form action=\"\/cat\/wp-json\/wp\/v2\/pages\/271#wpcf7-f6-o1\" method=\"post\" class=\"wpcf7-form init\" novalidate=\"novalidate\" data-status=\"init\">\n<div style=\"display: none;\">\n<input type=\"hidden\" name=\"_wpcf7\" value=\"6\" \/>\n<input type=\"hidden\" name=\"_wpcf7_version\" value=\"5.5.4\" \/>\n<input type=\"hidden\" name=\"_wpcf7_locale\" value=\"en_US\" \/>\n<input type=\"hidden\" name=\"_wpcf7_unit_tag\" value=\"wpcf7-f6-o1\" \/>\n<input type=\"hidden\" name=\"_wpcf7_container_post\" value=\"0\" \/>\n<input type=\"hidden\" name=\"_wpcf7_posted_data_hash\" value=\"\" \/>\n<input type=\"hidden\" name=\"_wpcf7_recaptcha_response\" value=\"\" \/>\n<\/div>\n<p>Nom (obligatori)<br \/>\n    <span class=\"wpcf7-form-control-wrap your-name\"><input type=\"text\" name=\"your-name\" value=\"\" size=\"40\" class=\"wpcf7-form-control wpcf7-text wpcf7-validates-as-required\" aria-required=\"true\" aria-invalid=\"false\" \/><\/span> <\/p>\n<p>Email de contacte (obligatori)<br \/>\n    <span class=\"wpcf7-form-control-wrap your-email\"><input type=\"email\" name=\"your-email\" value=\"\" size=\"40\" class=\"wpcf7-form-control wpcf7-text wpcf7-email wpcf7-validates-as-required wpcf7-validates-as-email\" aria-required=\"true\" aria-invalid=\"false\" \/><\/span> <\/p>\n<p>Tel\u00e8fon de contacte <br \/>\n   <span class=\"wpcf7-form-control-wrap tel-0\"><input type=\"tel\" name=\"tel-0\" value=\"\" size=\"40\" class=\"wpcf7-form-control wpcf7-text wpcf7-tel wpcf7-validates-as-tel\" aria-invalid=\"false\" \/><\/span><\/p>\n<p>Asumpte<br \/>\n  <span class=\"wpcf7-form-control-wrap menu-897\"><select name=\"menu-897\" class=\"wpcf7-form-control wpcf7-select\" aria-invalid=\"false\"><option value=\"Psicologia infantil\">Psicologia infantil<\/option><option value=\"Psicologia juvenil\">Psicologia juvenil<\/option><option value=\"Psicologia adults\">Psicologia adults<\/option><option value=\"Psicologia tercera edat\">Psicologia tercera edat<\/option><option value=\"Familia\">Familia<\/option><option value=\"Parella\">Parella<\/option><option value=\"Mediaci\u00f3\">Mediaci\u00f3<\/option><option value=\"Logop\u00e8dia\">Logop\u00e8dia<\/option><option value=\"Cl\u00ednica del Dolor\">Cl\u00ednica del Dolor<\/option><option value=\"Altres\">Altres<\/option><\/select><\/span> <\/p>\n<p>Comentari<br \/>\n    <span class=\"wpcf7-form-control-wrap your-message\"><textarea name=\"your-message\" cols=\"40\" rows=\"10\" class=\"wpcf7-form-control wpcf7-textarea\" aria-invalid=\"false\"><\/textarea><\/span> <\/p>\n<p><input type=\"submit\" value=\"Enviar\" class=\"wpcf7-form-control has-spinner wpcf7-submit\" \/><\/p>\n<div class=\"wpcf7-response-output\" aria-hidden=\"true\"><\/div><\/form><\/div>\n<\/div><div class=\"clear\"><\/div>\n<address><strong>Responsable del tractament. <\/strong>Rodriba Esplugues SL, amb domicili a c\/ Sant Francesc Xavier, 27-29 08950 Esplugues de Llobregat (Barcelona). <strong>Finalitat del tractament<\/strong>. Atendre la seva sol\u00b7licitud. <strong>Drets<\/strong>: Podeu exercir els drets d\u2019acc\u00e9s, rectificaci\u00f3, supressi\u00f3, oposici\u00f3, limitaci\u00f3 del tractament, portabilitat de les dades i revocaci\u00f3 dirigint-vos per escrit a l\u2019adre\u00e7a del responsable. <strong>M\u00e9s informaci\u00f3 sobre la pol\u00edtica de protecci\u00f3 de dades<\/strong>: \u00a0<a href=\"https:\/\/www.psicosedna.com\/aviso-legal\/\">https:\/\/www.psicosedna.com\/aviso-legal\/<\/a><\/p>\n<\/address>\n","protected":false},"excerpt":{"rendered":"<p>Responsable del tractament. Rodriba Esplugues SL, amb domicili a c\/ Sant Francesc Xavier, 27-29 08950 Esplugues de Llobregat (Barcelona). Finalitat del tractament. Atendre la seva sol\u00b7licitud. Drets: Podeu exercir els drets d\u2019acc\u00e9s, rectificaci\u00f3, supressi\u00f3, oposici\u00f3, limitaci\u00f3 del tractament, portabilitat de les dades i revocaci\u00f3 dirigint-vos per escrit a l\u2019adre\u00e7a del responsable. M\u00e9s informaci\u00f3 sobre la [&hellip;]<\/p>\n","protected":false},"author":1,"featured_media":0,"parent":0,"menu_order":0,"comment_status":"closed","ping_status":"closed","template":"page-left-sidebar.php","meta":[],"_links":{"self":[{"href":"http:\/\/www.psicosedna.com\/cat\/wp-json\/wp\/v2\/pages\/271"}],"collection":[{"href":"http:\/\/www.psicosedna.com\/cat\/wp-json\/wp\/v2\/pages"}],"about":[{"href":"http:\/\/www.psicosedna.com\/cat\/wp-json\/wp\/v2\/types\/page"}],"author":[{"embeddable":true,"href":"http:\/\/www.psicosedna.com\/cat\/wp-json\/wp\/v2\/users\/1"}],"replies":[{"embeddable":true,"href":"http:\/\/www.psicosedna.com\/cat\/wp-json\/wp\/v2\/comments?post=271"}],"version-history":[{"count":34,"href":"http:\/\/www.psicosedna.com\/cat\/wp-json\/wp\/v2\/pages\/271\/revisions"}],"predecessor-version":[{"id":5821,"href":"http:\/\/www.psicosedna.com\/cat\/wp-json\/wp\/v2\/pages\/271\/revisions\/5821"}],"wp:attachment":[{"href":"http:\/\/www.psicosedna.com\/cat\/wp-json\/wp\/v2\/media?parent=271"}],"curies":[{"name":"wp","href":"https:\/\/api.w.org\/{rel}","templated":true}]}}