{"id":3845,"date":"2013-07-18T16:25:21","date_gmt":"2013-07-18T16:25:21","guid":{"rendered":"http:\/\/www.psicosedna.com\/?page_id=3845"},"modified":"2022-01-28T16:53:55","modified_gmt":"2022-01-28T16:53:55","slug":"psicosedna","status":"publish","type":"page","link":"http:\/\/www.psicosedna.com\/cat\/psicosedna\/","title":{"rendered":"Psicosedna"},"content":{"rendered":"<div class=\"spacer\" style=\"height:70px\"><\/div>\n<div class=\"su-quote\"><i class=\"moon-quotes-left\"><\/i><div class=\"su-quote-shell\">Psicosedna neix l&#8217;any 2013 a Esplugues de Llobregat i est\u00e0 formada per professionals formats en cinc \u00e0rees de coneixement: <strong>Psicologia, Psicopedagogia, fisioter\u00e0pia, osteopatia i logop\u00e8dia.<\/strong><\/div><div class=\"quote-author\">Beatriz Rodr\u00edguez Batlle | Psicoterapeuta <\/div><\/div>\n<div class=\"spacer\" style=\"height:30px\"><\/div>\n<div class=\"heading-wrapper\"><h6><span class=\"heading-line-left\"><\/span><strong>Missi\u00f3<\/strong><span class=\"heading-line-right\"><\/span><\/h6><\/div>\nPsicosedna projecta la seva finalitat essencial com un servei orientat a la consecuci\u00f3 de majors nivells de benestar tant a nivell individual com a nivell col\u2022lectiu, a trav\u00e9s de la intervenci\u00f3, l&#8217;assessorament i la disseminaci\u00f3, dins d&#8217;un marc \u00e8tic guiat pel ben com\u00fa i els valors socials.<\/p>\n<div class=\"spacer\" style=\"height:30px\"><\/div>\n<div class=\"heading-wrapper\"><h6><span class=\"heading-line-left\"><\/span><strong>Visi\u00f3<\/strong><span class=\"heading-line-right\"><\/span><\/h6><\/div>\nLa visi\u00f3 futura de Psicosedna compr\u00e8n els seg\u00fcents aspectes:<\/p>\n<ul>\n<li>Oferir una atenci\u00f3 personalitzada i de qualitat al conjunt d&#8217;usuaris\/as de Psicosedna.<\/li>\n<li>Dissenyar programes d&#8217;inter\u00e8s per a la comunitat.<\/li>\n<li>Establir lla\u00e7os de cooperaci\u00f3 i col\u2022laboraci\u00f3 amb els diferents serveis comunitaris.<\/li>\n<\/ul>\n<div class=\"spacer\" style=\"height:30px\"><\/div>\n<div class=\"heading-wrapper\"><h6><span class=\"heading-line-left\"><\/span><strong>Serveis<\/strong><span class=\"heading-line-right\"><\/span><\/h6><\/div>\nServeis oferts en el centre de psicologia, logop\u00e8dia, psicopedagogia, fisioter\u00e0pia i osteopatia Psicosedna:<\/p>\n<ul>\n<li>Ter\u00e0pia Psicol\u00f2gica infantil<\/li>\n<li>Ter\u00e0pia Psicol\u00f2gica adolescent<\/li>\n<li>Ter\u00e0pia Psicol\u00f2gica adults<\/li>\n<li>Ter\u00e0pia Psicol\u00f2gica tercera edat<\/li>\n<li>Psicologia de parella<\/li>\n<li>Psicologia de fam\u00edlia<\/li>\n<li>Psicooncologia<\/li>\n<li>Psicologia perinatal<\/li>\n<li>Psicologia del esport<\/li>\n<li>Psicologia de l&#8217;empresa<\/li>\n<li>Psicologia forense<\/li>\n<li>Psicopedagogia<\/li>\n<li>Logop\u00e8dia i reeducaci\u00f3<\/li>\n<li>Fisioter\u00e0pia<\/li>\n<li>Osteopatia<\/li>\n<li>Cl\u00ednica del Dolor<\/li>\n<li>Infermeria i An\u00e0lisi cl\u00ednic<\/li>\n<\/ul>\n","protected":false},"excerpt":{"rendered":"<p>Psicosedna projecta la seva finalitat essencial com un servei orientat a la consecuci\u00f3 de majors nivells de benestar tant a nivell individual com a nivell col\u2022lectiu, a trav\u00e9s de la intervenci\u00f3, l&#8217;assessorament i la disseminaci\u00f3, dins d&#8217;un marc \u00e8tic guiat pel ben com\u00fa i els valors socials. La visi\u00f3 futura de Psicosedna compr\u00e8n els seg\u00fcents [&hellip;]<\/p>\n","protected":false},"author":1,"featured_media":0,"parent":0,"menu_order":0,"comment_status":"open","ping_status":"open","template":"page-left-sidebar.php","meta":[],"_links":{"self":[{"href":"http:\/\/www.psicosedna.com\/cat\/wp-json\/wp\/v2\/pages\/3845"}],"collection":[{"href":"http:\/\/www.psicosedna.com\/cat\/wp-json\/wp\/v2\/pages"}],"about":[{"href":"http:\/\/www.psicosedna.com\/cat\/wp-json\/wp\/v2\/types\/page"}],"author":[{"embeddable":true,"href":"http:\/\/www.psicosedna.com\/cat\/wp-json\/wp\/v2\/users\/1"}],"replies":[{"embeddable":true,"href":"http:\/\/www.psicosedna.com\/cat\/wp-json\/wp\/v2\/comments?post=3845"}],"version-history":[{"count":31,"href":"http:\/\/www.psicosedna.com\/cat\/wp-json\/wp\/v2\/pages\/3845\/revisions"}],"predecessor-version":[{"id":5693,"href":"http:\/\/www.psicosedna.com\/cat\/wp-json\/wp\/v2\/pages\/3845\/revisions\/5693"}],"wp:attachment":[{"href":"http:\/\/www.psicosedna.com\/cat\/wp-json\/wp\/v2\/media?parent=3845"}],"curies":[{"name":"wp","href":"https:\/\/api.w.org\/{rel}","templated":true}]}}