{"id":3932,"date":"2013-07-18T23:10:16","date_gmt":"2013-07-18T23:10:16","guid":{"rendered":"http:\/\/www.psicosedna.com\/?page_id=3932"},"modified":"2023-08-28T11:50:58","modified_gmt":"2023-08-28T11:50:58","slug":"psicologia-de-adultos","status":"publish","type":"page","link":"http:\/\/www.psicosedna.com\/cat\/psicologia-de-adultos\/","title":{"rendered":"Psicologia d&#8217;adults"},"content":{"rendered":"<div class=\"spacer\" style=\"height:40px\"><\/div>\n<h1><span style=\"color: #6cb5cb;\">Psicologia d&#8217;adults<\/span><\/h1>\n<p>Sota la consigna d&#8217;Avaluaci\u00f3, Diagn\u00f2stic, Tractament i Seguiment treballarem tots els trastorns. Treballarem de manera bastant ecl\u00e8ctica per\u00f2 des d&#8217;un marc bastant cognitiu-conductual.<\/p>\n<div class=\"su-spoiler su-spoiler-style-1\"><div class=\"su-spoiler-title\"><i class=\"moon-arrow-right-2 spoiler-button\"><\/i><i class=\"moon-arrow-down spoiler-button spoiler-active\"><\/i><strong>Camps d'Actuaci\u00f3<\/strong><\/div><div class=\"su-spoiler-content\">\n<p><em><strong>Trastorns d&#8217;ansietat <\/strong><\/em><br \/>\nAgoraf\u00f2bia, atacs de p\u00e0nic, F\u00f2bies, Trastorn Obsessiu Compulsiu, Trastorn per estr\u00e8s post-traum\u00e0tic, Ansietat generalitzada\u2026<\/p>\n<p><em><strong>Trastorns de l&#8217;estat de l&#8217;\u00e0nim <\/strong><\/em><br \/>\nDepressi\u00f3, trastorns afectius, trastorns bipolars&#8230;<\/p>\n<p><em><strong>Trastorns Sexuals<\/strong><\/em><br \/>\nDisfunci\u00f3 er\u00e8ctil, vaginisme, dispar\u00e8unia, anorg\u00e0smia, ejaculaci\u00f3 preco\u00e7, inhibici\u00f3 del desig sexual&#8230;<\/p>\n<p><em><strong>Trastorns de la conducta aliment\u00e0ria<\/strong><\/em><br \/>\nAnor\u00e8xia nerviosa, Bul\u00edmia nerviosa, Trasntorns per Afartaments.<\/p>\n<p><em><strong>Trastorns de personalitat<\/strong><\/em><br \/>\nParanoide, Esquizoide, Esquizot\u00edpic, Antisocial, L\u00edmit, Narcisista, Histri\u00f2nic, L\u00edmit.<\/p>\n<\/div><\/div>\n<div class=\"su-spoiler su-spoiler-style-1\"><div class=\"su-spoiler-title\"><i class=\"moon-arrow-right-2 spoiler-button\"><\/i><i class=\"moon-arrow-down spoiler-button spoiler-active\"><\/i><strong>Especialitats<\/strong><\/div><div class=\"su-spoiler-content\">\n<ul>\n<li><a href=\"http:\/\/www.psicosedna.com\/cat\/psicologia-tercera-edad\/\"><strong>Tercera Edat<\/strong><\/a><\/li>\n<li><a href=\"http:\/\/www.psicosedna.com\/cat\/conducta-alimentaria-tca\/\"><strong>TCA\u00a0<\/strong><\/a><\/li>\n<li><a href=\"http:\/\/www.psicosedna.com\/cat\/psicologia-de-pareja\/\"><strong>Ter\u00e0pia de parella<\/strong><\/a><\/li>\n<li><a href=\"http:\/\/www.psicosedna.com\/cat\/psicologia-de-familia\/\"><strong>Familia<\/strong><\/a><\/li>\n<li><a href=\"http:\/\/www.psicosedna.com\/cat\/psicologia-forense\/\"><strong>Forense\u00a0<\/strong><\/a><\/li>\n<li><a href=\"http:\/\/www.psicosedna.com\/cat\/psicologia-i-reproduccio\/\"><strong>Perinatal\u00a0<\/strong><\/a><\/li>\n<li><a href=\"http:\/\/www.psicosedna.com\/cat\/addiccions\/\"><strong>Addiccions<\/strong><\/a><\/li>\n<li><a href=\"http:\/\/www.psicosedna.com\/cat\/psicologia-esportiva\/\"><strong>Esport<\/strong><\/a><\/li>\n<li><a href=\"http:\/\/www.psicosedna.com\/cat\/psicologia-de-empresa\/\"><strong>Empresa<\/strong><\/a><\/li>\n<li><a href=\"http:\/\/www.psicosedna.com\/cat\/skype\/\"><strong>Ter\u00e0pia on-line<\/strong><\/a><\/li>\n<\/ul>\n<\/div><\/div>\n<p>Moltes vegades \u00e9s molt important el suport psicol\u00f2gic en diferents etapes del cicle vital o esdeveniments imprevists. Ja siguin malalties m\u00e8diques, p\u00e8rdues malament o no superades, crisis familiars en canvis d&#8217;etapa com el niu buit ( \u00e9s quan els fills surten de casa i s&#8217;independitzen i la parella torna a quedar-se sola), noves etapes com a separacions, divorcis&#8230;<\/p>\n<p>En Psicosedna disposem de diferents professionals per procurar el millor tractament personalitzat. Encara que la ter\u00e0pia b\u00e0sicament \u00e9s un acompanyament a l&#8217;aprenentatge, al reconeixement de les pr\u00f2pies habilitats i recursos. S&#8217;utilitzen diferents t\u00e8cniques, activitats, eines \u00faniques per\u00f2 sempre perfilades al tipus de persona, a les caracter\u00edstiques concretes i a la seva manera de funcionar.<\/p>\n<p>\u00c9s molt normal que costi prendre la iniciativa, que costi acudir al professional per\u00f2 \u00e9s el primer pas de decidir que volem estar millor, que som valents perqu\u00e8 volem solucionar les coses i continuar per\u00f2 continuar millor. Ser valent no \u00e9s aguantar i evitar,ser valent \u00e9s prendre decisions \u00e9s canviar el que faci mancada per estar el m\u00e9s feli\u00e7 possible.<\/p>\n<p>Perqu\u00e8 resignar-se a sentir-se malament, a no estar motivat, a no gaudir de les coses positives de la vida, &#8230;?<\/p>\n<div class=\"spacer\" style=\"height:40px\"><\/div>\n<p><a class=\"zl-facility-url\" href=\"https:\/\/www.doctoralia.es\/clinicas\/psicosedna-psicologia-logopedia-fisioterapia-i-clinica-del-dolor\" rel=\"nofollow\" data-zlw-facility=\"psicosedna-psicologia-logopedia-fisioterapia-i-clinica-del-dolor\" data-zlw-type=\"facility-big-with-saas-only\" data-zlw-saas-only=\"true\"><strong>Reserva Cita de Psicolog\u00eda d&#8217;adults:<\/strong> Psicosedna, Psicolog\u00eda, Logop\u00e8dia, Fisioter\u00e0pia i Cl\u00ednica del Dolor<\/a><script>\/\/ <![CDATA[\n!function($_x,_s,id){var js,fjs=$_x.getElementsByTagName(_s)[0];if(!$_x.getElementById(id)){js = $_x.createElement(_s);js.id = id;js.src = \"\/\/platform.docplanner.com\/js\/widget.js\";fjs.parentNode.insertBefore(js,fjs);}}(document,\"script\",\"zl-widget-s\");<br \/>\n\/\/ ]]><\/script><br \/>\n<div class=\"spacer\" style=\"height:40px\"><\/div>\n<div class=\"column column-1-2\">\n<div class=\"su-note\" style=\"background-color:#7bbcd0;border:1px solid #5691a2\"><div class=\"su-note-shell\" style=\"border:1px solid #b6dae5; color:#2b4851\"> <a title=\"Contacta amb Psicosedna\" href=\"http:\/\/www.psicosedna.com\/cat\/contacts\/\"><span style=\"color: #ffffff;\"><strong>Contacta amb Psicosedna <\/strong><\/span><\/a> <\/div><\/div>\n<\/div>\n<div class=\"column column-1-2 column-last\">\n<\/div><div class=\"clear\"><\/div>\n","protected":false},"excerpt":{"rendered":"<p>Psicologia d&#8217;adults Sota la consigna d&#8217;Avaluaci\u00f3, Diagn\u00f2stic, Tractament i Seguiment treballarem tots els trastorns. Treballarem de manera bastant ecl\u00e8ctica per\u00f2 des d&#8217;un marc bastant cognitiu-conductual. Moltes vegades \u00e9s molt important el suport psicol\u00f2gic en diferents etapes del cicle vital o esdeveniments imprevists. Ja siguin malalties m\u00e8diques, p\u00e8rdues malament o no superades, crisis familiars en canvis [&hellip;]<\/p>\n","protected":false},"author":1,"featured_media":0,"parent":0,"menu_order":0,"comment_status":"open","ping_status":"open","template":"page-left-sidebar.php","meta":[],"_links":{"self":[{"href":"http:\/\/www.psicosedna.com\/cat\/wp-json\/wp\/v2\/pages\/3932"}],"collection":[{"href":"http:\/\/www.psicosedna.com\/cat\/wp-json\/wp\/v2\/pages"}],"about":[{"href":"http:\/\/www.psicosedna.com\/cat\/wp-json\/wp\/v2\/types\/page"}],"author":[{"embeddable":true,"href":"http:\/\/www.psicosedna.com\/cat\/wp-json\/wp\/v2\/users\/1"}],"replies":[{"embeddable":true,"href":"http:\/\/www.psicosedna.com\/cat\/wp-json\/wp\/v2\/comments?post=3932"}],"version-history":[{"count":20,"href":"http:\/\/www.psicosedna.com\/cat\/wp-json\/wp\/v2\/pages\/3932\/revisions"}],"predecessor-version":[{"id":5770,"href":"http:\/\/www.psicosedna.com\/cat\/wp-json\/wp\/v2\/pages\/3932\/revisions\/5770"}],"wp:attachment":[{"href":"http:\/\/www.psicosedna.com\/cat\/wp-json\/wp\/v2\/media?parent=3932"}],"curies":[{"name":"wp","href":"https:\/\/api.w.org\/{rel}","templated":true}]}}