{"id":4580,"date":"2013-11-01T07:01:38","date_gmt":"2013-11-01T07:01:38","guid":{"rendered":"http:\/\/www.psicosedna.com\/cat\/?page_id=4580"},"modified":"2025-10-02T11:48:43","modified_gmt":"2025-10-02T11:48:43","slug":"equip","status":"publish","type":"page","link":"http:\/\/www.psicosedna.com\/cat\/equip\/","title":{"rendered":"Equip"},"content":{"rendered":"<div class=\"spacer\" style=\"height:40px\"><\/div>\n<h1><span style=\"color: #6cb5cb;\">Equip<\/span><\/h1>\n<div class=\"spacer\" style=\"height:40px\"><\/div>\n<div class=\"su-spoiler su-spoiler-style-1\"><div class=\"su-spoiler-title\"><i class=\"moon-arrow-right-2 spoiler-button\"><\/i><i class=\"moon-arrow-down spoiler-button spoiler-active\"><\/i><strong>PSICOLOGIA CL\u00cdNICA<\/strong><\/div><div class=\"su-spoiler-content\">\n<div class=\"staff-wrapper\"><img src=\"\" alt=\"\"\/><div class=\"person-name\">Beatriz Rodr\u00edguez<i class=\"moon-users-2\"><\/i><\/div><div class=\"person-title\">Psic\u00f2loga, especialitat en ter\u00e0pia individual d'adults, ter\u00e0pia sexual i de parella, infanto-juvenil col\u2022legiada n\u00ba 20093<\/div><div class=\"person-description\"><\/div><\/div>\n<ul>\n<li>Llicenciada en Psicologia per la Universitat de Barcelona.<\/li>\n<li>M\u00e0ster en Pr\u00e0ctica Cl\u00ednica per la AEPCCC<\/li>\n<li>Seminari i Formaci\u00f3 continuada en Ter\u00e0pia de Parella en ISEP<\/li>\n<li>Formaci\u00f3 Continuada en tractament per a la tercera edat en IL3 Universitat de Barcelona.<\/li>\n<li>Formaci\u00f3 Continuada en Integraci\u00f3 i Mediaci\u00f3 Intercultural en IL3 Universitat de Barcelona.<\/li>\n<li>T\u00e8cnica Superior en Integraci\u00f3 Social en IES SEVERO OCHOA<\/li>\n<li>Acreditada com a psic\u00f2loga sanit\u00e0ria pel departament de Salut de la Generalitat de Catalunya.<\/li>\n<\/ul>\n<div class=\"staff-wrapper\"><img src=\"\" alt=\"\"\/><div class=\"person-name\">Berta Pons<i class=\"moon-users-2\"><\/i><\/div><div class=\"person-title\">Psic\u00f2loga, especialitzada en infanto-juvenil col\u00b7legiada n\u00ba 33764 <\/div><div class=\"person-description\"><\/div><\/div>\n<ul>\n<li>Graduada en Psicologia per la Universitat de Barcelona. Itinerari en Psicologia cl\u00ednica i de la Salut.<\/li>\n<li>M\u00e0ster en Psicologia General Sanit\u00e0ria per la Universitat Internacional de Val\u00e8ncia.<\/li>\n<li>M\u00e0ster en Psicopatologia Legal, Forense i Criminol\u00f2gica per la Universitat Internacional de Val\u00e8ncia.<\/li>\n<li>Formaci\u00f3 en Programaci\u00f3 Neuroling\u00fc\u00edstica per l&#8217;Institut de Formaci\u00f3 Continuada de la Universitat de Barcelona.<\/li>\n<\/ul>\n<div class=\"spacer\" style=\"height:20px\"><\/div>\n<div class=\"spacer\" style=\"height:40px\"><\/div>\n<h3>COL\u00b7LABORADORS<\/h3>\n<div class=\"spacer\" style=\"height:20px\"><\/div><div class=\"staff-wrapper\"><img src=\"\" alt=\"\"\/><div class=\"person-name\">Santra Crist\u00f3bal<i class=\"moon-users-2\"><\/i><\/div><div class=\"person-title\">Psic\u00f2loga , especialitat en adults i psicologia perinatal col\u2022legiada n\u00ba 20020 <\/div><div class=\"person-description\"><\/div><\/div>\n<ul>\n<li>Graduada en Psicologia per la Universitat de Barcelona .Itinerari de Psicologia cl\u00ednica i de la Salut.<\/li>\n<li>M\u00e0ster en\u00a0Psicologia General Sanit\u00e0ria per la Universitat Internacional de Val\u00e8ncia.<\/li>\n<li>Acreditada com a Psic\u00f2loga General Sanit\u00e0ria pel Departament de Salut de la Generalitat de Catalunya<\/li>\n<li>Experta Universit\u00e0ria en Psicologia Perinatal per la Universitat de Madrid UDIMA.<\/li>\n<li>Diplomada en\u00a0Infermeria per la Universitat de Saragossa.<\/li>\n<li>Infermera Especialista en\u00a0Infermeria Pedi\u00e0trica acreditat per la Direcci\u00f3 General de Pol\u00edtica Universit\u00e0ria segons el Reial Decret 450\/2005.<\/li>\n<li>Postgrau d&#8217;infermeria en l&#8217;\u00e0mbit hopitalari per la Universitat de Blanquerna.<\/li>\n<li>M\u00e0ster en integraci\u00f3 de cures i resoluci\u00f3 de problemes cl\u00ednics per la Universitat d&#8217;Alcal\u00e1.<\/li>\n<li>Curso \u201cAutoritat i Limitis\u201d impartit per C. Gonz\u00e1lez en Escola Bit\u00e0coles ( EB )<\/li>\n<li>Curs \u201cCon\u00e8ixer-nos i cuidar-nos en el climateri\u201d impartit per EB<\/li>\n<li>Curs \u201cDol Perinatal\u201d impartit per B.Mart\u00edn en EB<\/li>\n<li>Curs \u201c Crian\u00e7a de 0-4 anys\u201d impartit per L.Galant per a EB<\/li>\n<li>Curs \u201cCuidats de la dona en l&#8217;embar\u00e0s i el postpart\u201d impartit per S.\u00a0Ca\u00f1amero\u00a0en EB<\/li>\n<li>Curs \u201cDisciplina Positiva\u201d impartit per B.Mu\u00f1oz en EB<\/li>\n<li>Curs \u201cLact\u00e0ncia materna\u201d impartit per a.Padr\u00f3\u00a0en EB<\/li>\n<li>Jornades d&#8217;Atenci\u00f3 al Duel Perinatal a l&#8217;Hospital Vall d\u00b4Hebron (\u00a0HVH\u00a0)<\/li>\n<li>Curs Interculturalitat i Pr\u00e0ctica assistencial (\u00a0HVH)<\/li>\n<li>Curs Risc psicosocial del nounat (HVH)<\/li>\n<li>Curs Cuidats centrats en el desenvolupament del nen i la fam\u00edlia (\u00a0HVH)<\/li>\n<li>Curs Ansietat en ex\u00e0mens i altres situacions d&#8217;estr\u00e8s. Universitat de Barcelona (UB)<\/li>\n<\/ul>\n<div class=\"spacer\" style=\"height:20px\"><\/div><div class=\"staff-wrapper\"><img src=\"\" alt=\"\"\/><div class=\"person-name\">David Cueto<i class=\"moon-users-2\"><\/i><\/div><div class=\"person-title\">Psic\u00f2leg , especialitat en adults, infantojuvenil i ter\u00e0pia de parella col\u2022legiat n\u00ba 4123 <\/div><div class=\"person-description\"><\/div><\/div>\n<ul>\n<li>Llicenciat en Psicologia per la Universitat d&#8217;Oviedo.<\/li>\n<li>Acreditat com a Psic\u00f2leg general sanitari per la Conselleria de Sanitat de la Junta de Castella i Lle\u00f3.<\/li>\n<li>Postgrau en Psicopatologia Cl\u00ednica per la Universitat de Barcelona.<\/li>\n<li>Postgrau en TREC per l&#8217;Institut RET de Barcelona.<\/li>\n<li>Professor al M\u00e0ster de Prevenci\u00f3 de Viol\u00e8ncia de G\u00e8nere de UVirtual.<\/li>\n<li>Tutor del Pr\u00e0cticum del Grau de Psicologia de la Universitat de Barcelona.<\/li>\n<li>Autor de diversos llibres i blogs de divulgaci\u00f3 cient\u00edfica sobre ter\u00e0pia de parella, sexualitat i trastorns del neurodesenvolupament.<\/li>\n<\/ul>\n<div class=\"spacer\" style=\"height:20px\"><\/div>\n<div class=\"staff-wrapper\"><img src=\"\" alt=\"\"\/><div class=\"person-name\">Berta Sanfeliu <i class=\"moon-users-2\"><\/i><\/div><div class=\"person-title\">Psic\u00f2loga, especialitzada en adults col\u2022legiada n\u00ba 21618 <\/div><div class=\"person-description\"><\/div><\/div>\n<ul>\n<li>Llicenciada en Psicologia per la Universitat de Barcelona.\u00a0<\/li>\n<li>M\u00e0ster en Psicologia Cl\u00ednica infanto-juvenil per la Universitat Aut\u00f2noma de Barcelona.<\/li>\n<li>M\u00e0ster en atenci\u00f3 preco\u00e7 i fam\u00edlia per la Universitat Ramon Llull. Blanquerna.<\/li>\n<li>Postgrau en ter\u00e0pia integradora.<\/li>\n<li>Curs ADOS (Autism Diagnostic Observations Schedule)<\/li>\n<li>Acreditada com a Psic\u00f2loga General Sanit\u00e0ria pel Departament de Salut de la Generalitat de Catalunya.<\/li>\n<\/ul>\n<div class=\"spacer\" style=\"height:20px\"><\/div>\n<div class=\"staff-wrapper\"><img src=\"\" alt=\"\"\/><div class=\"person-name\">Elena Laguna <i class=\"moon-users-2\"><\/i><\/div><div class=\"person-title\">Psic\u00f2loga, especialitzada en infanto-juvenil col\u2022legiada n\u00ba 32608 <\/div><div class=\"person-description\"><\/div><\/div>\n<ul>\n<li>Graduada en Psicologia per la Universitat Oberta de Catalunya (UOC).<\/li>\n<li>Grau Superior en Publicitat i Marketing a C.E. Jaume Balmes.<\/li>\n<li>Acreditaci\u00f3 en Compet\u00e8ncies en Tecnologies de la Informaci\u00f3 i la Comunicaci\u00f3 (CTIC) per la Universitat Oberta de Catalunya (UOC).<\/li>\n<li>Experi\u00e8ncia de pr\u00e0ctica professional al Servei de Salut Mental, Hospital Sant Joan de D\u00e9u.<\/li>\n<li>Experi\u00e8ncia al Servei de Prevenci\u00f3 del Su\u00efcidi i Tel\u00e8fon de l&#8217;Esperan\u00e7a, a la Fundaci\u00f3 Ajuda i Esperan\u00e7a.<\/li>\n<\/ul>\n<div>\n<div class=\"spacer\" style=\"height:20px\"><\/div>\n<div class=\"staff-wrapper\"><img src=\"\" alt=\"\"\/><div class=\"person-name\">Martin Molfino <i class=\"moon-users-2\"><\/i><\/div><div class=\"person-title\">Psic\u00f2leg, especialitzat en adults, ter\u00e0pia de parella i malalties cr\u00f2niques col\u2022legiat n\u00ba 33306 <\/div><div class=\"person-description\"><\/div><\/div>\n<ul>\n<li>Llicenciat en Psicologia per la Universitat Nacional de C\u00f3rdoba, Argentina.<\/li>\n<li>Psic\u00f2leg General Sanitari, homologat pel Ministeri d&#8217;Universitats, Espanya.<\/li>\n<li>M\u00e0ster en Psicoter\u00e0pia Gestalt per l&#8217;Institut Gestalten, C\u00f3rdoba, Argentina.<\/li>\n<li>M\u00e0ster en Consultoria i Desenvolupament de les organitzacions per la Universitat Europea de l&#8217;Atl\u00e0ntic, Espanya.<\/li>\n<li>Diplomatura en Psiconeuroendocrinoinmunolog\u00eda per Fundaci\u00f3 Salut, Buenos Aires, Argentina.<\/li>\n<li>Certificaci\u00f3 en Pensament Hol\u00edstic per Fundaci\u00f3 Columbia, Buenos Aires, Argentina.<\/li>\n<\/ul>\n<div class=\"spacer\" style=\"height:20px\"><\/div>\n<div class=\"staff-wrapper\"><img src=\"\" alt=\"\"\/><div class=\"person-name\">Ivana Rodr\u00edguez <i class=\"moon-users-2\"><\/i><\/div><div class=\"person-title\">Psic\u00f2loga, especialitzada en infanto-juvenil col\u2022legiada n\u00ba 35199 <\/div><div class=\"person-description\"><\/div><\/div>\n<ul>\n<li>Graduada en Psicologia per la Universitat de Barcelona. Menci\u00f3 en Evaluaci\u00f3, Diagn\u00f3stic i Intervenci\u00f3 Cl\u00ednica.<\/li>\n<li>M\u00e0ster en Psicologia General Sanit\u00e0ria per la Universitat Internacional de la Rioja (UNIR).<\/li>\n<li>M\u00e0ster d&#8217;Actualitzaci\u00f3 en Intervenci\u00f3 Psicol\u00f2gica i Salut Mental Tipus II &#8211; UDIMA.<\/li>\n<li>Formaci\u00f3 en Mindfulness pel Programa Deusto Salud &#8211; UCAM.<\/li>\n<li>Programa Universitari Avan\u00e7at en Aferrament i Psicologia Perinatal &#8211; UNIR<\/li>\n<\/ul>\n<div>\n<div class=\"spacer\" style=\"height:20px\"><\/div>\n<div class=\"staff-wrapper\"><img src=\"\" alt=\"\"\/><div class=\"person-name\">Judit Siscar<i class=\"moon-users-2\"><\/i><\/div><div class=\"person-title\">Psic\u00f2loga, especialitzada en adultos i infantojuvenil col\u00b7legiada n\u00ba 34279 <\/div><div class=\"person-description\"><\/div><\/div>\n<ul>\n<li>Graduada en Psicologia per la Universitat Jaume I (Castell\u00f3).<\/li>\n<li>M\u00e0ster en Psicologia General Sanit\u00e0ria per la Universitat Internacional de Val\u00e8ncia.<\/li>\n<li>Formaci\u00f3 en EMDR Nivell I per l&#8217;Institut EMDR.<\/li>\n<li>Formaci\u00f3 en \u00abNenes i nens autistes al context educatiu\u00bb per Confederaci\u00f3 Autisme Espanya.<\/li>\n<li>T\u00e8cnic en Viol\u00e8ncia de G\u00e8nere per la Universitat Antonio de Nebrija.<\/li>\n<li>Experi\u00e8ncia en intervenci\u00f3 cl\u00ednica amb trastorns de la conducta aliment\u00e0ria (TCA), gesti\u00f3 emocional i habilitats socials.<\/li>\n<\/ul>\n<div class=\"spacer\" style=\"height:20px\"><\/div>\n<\/div>\n<\/div>\n<\/div><\/div>\n<div class=\"spacer\" style=\"height:60px\"><\/div>\n<div class=\"su-spoiler su-spoiler-style-1\"><div class=\"su-spoiler-title\"><i class=\"moon-arrow-right-2 spoiler-button\"><\/i><i class=\"moon-arrow-down spoiler-button spoiler-active\"><\/i><strong>LOGOP\u00c8DIA<\/strong><\/div><div class=\"su-spoiler-content\">\n<div class=\"staff-wrapper\"><img src=\"\" alt=\"\"\/><div class=\"person-name\">Gemma Jord\u00e0<i class=\"moon-users-2\"><\/i><\/div><div class=\"person-title\">Logopeda col\u2022legiada n\u00ba 08-1129 <\/div><div class=\"person-description\">\n<ul>\n<li>Llicenciada en Filosofia i Ci\u00e8ncies de l&#8217;Educaci\u00f3. Pedagogia Terap\u00e8utica. Universitat de Barcelona.<\/li>\n<li>M\u00e0ster de Logop\u00e8dia: Rehabilitaci\u00f3 dels trastorns de la parla i el llenguatge. Universitat Polit\u00e8cnica de Catalunya.<\/li>\n<\/ul>\n<div class=\"spacer\" style=\"height:20px\"><\/div>\n<h3>COL\u00b7LABORADORS<\/h3>\n<div class=\"spacer\" style=\"height:20px\"><\/div>\n<div class=\"staff-wrapper\"><img src=\"\" alt=\"\"\/><div class=\"person-name\">Montse Roda<i class=\"moon-users-2\"><\/i><\/div><div class=\"person-title\">Logopeda col\u2022legiada n\u00ba 08-5169 <\/div><div class=\"person-description\"><\/div><\/div>\n<ul>\n<li>Licenciada en Logop\u00e8dia per la Universitat Aut\u00f2noma de Barcelona.\u00a0<\/li>\n<li>Curs en intervenci\u00f3 de la disf\u00e0gia- Psicomagister.<\/li>\n<li>Formaci\u00f3 en intervenci\u00f3 de la veu-Estill Voice.<\/li>\n<\/ul>\n<\/div><\/div>\n<\/div><\/div>\n<div class=\"spacer\" style=\"height:60px\"><\/div>\n<div class=\"su-spoiler su-spoiler-style-1\"><div class=\"su-spoiler-title\"><i class=\"moon-arrow-right-2 spoiler-button\"><\/i><i class=\"moon-arrow-down spoiler-button spoiler-active\"><\/i><strong>FISIOTER\u00c0PIA I OSTEOPATIA<\/strong><\/div><div class=\"su-spoiler-content\">\n<div class=\"staff-wrapper\"><img src=\"\" alt=\"\"\/><div class=\"person-name\">Ana Altamirano<i class=\"moon-users-2\"><\/i><\/div><div class=\"person-title\">Fisioterapeuta col\u2022legiada n\u00ba 5662<\/div><div class=\"person-description\">\n<ul>\n<li>Diplomada en fisioter\u00e0pia per la Universitat Ram\u00f3n Llull \u2013 Blanquerna<\/li>\n<li>M\u00e0ster en osteopat\u00eda per la Universitat Aut\u00f2noma de Barcelona<\/li>\n<li>Postgrau en fisioter\u00e0pia pedi\u00e0trica per la Universitat Aut\u00f2noma de Barcelona<\/li>\n<li>Curs de Punci\u00f3 Seca per la Universitat Aut\u00f2noma de Barcelona<\/li>\n<li>Curs de fisioter\u00e0pia en disfunci\u00f3 craneomandibular per la Universitat Internacional de Catalunya<\/li>\n<li>Curs quiromasaje esportiu per ORTHOS<\/li>\n<li>Curs de readaptaci\u00f3 de lesions per HP Academy<\/li>\n<li>Curs d&#8217;entrenament funcional per HP Academy<\/li>\n<li>Entrenadora personal per HP Academy<\/li>\n<li>Instructora de pilates per Peak Pilates System<\/li>\n<li>Jornades nacionals i internacionals d&#8217;activitat aqu\u00e0tica adaptada per la Universitat CEU San Pablo<\/li>\n<li>Curs d&#8217;equitaci\u00f3 terap\u00e8utica com a recurs rehabilitador i d&#8217;aprenentatge conductual per la Universitat Ram\u00f3n Llull \u2013 Blanquerna<\/li>\n<li>Curs de aquafitness terap\u00e8utic pel INEFC<\/li>\n<\/ul>\n<\/div><\/div>\n<\/div><\/div>\n<div class=\"spacer\" style=\"height:60px\"><\/div>\n<div class=\"su-spoiler su-spoiler-style-1\"><div class=\"su-spoiler-title\"><i class=\"moon-arrow-right-2 spoiler-button\"><\/i><i class=\"moon-arrow-down spoiler-button spoiler-active\"><\/i><strong>INFERMERIA<\/strong><\/div><div class=\"su-spoiler-content\">\n<div class=\"staff-wrapper\"><img src=\"\" alt=\"\"\/><div class=\"person-name\">Marina Domenech<i class=\"moon-users-2\"><\/i><\/div><div class=\"person-title\">Enfermera col\u00b7legiada n\u00ba08-070896<\/div><div class=\"person-description\"><\/div><\/div>\n<ul>\n<li>Graduada en Infermeria per la Universitat de Manresa.<\/li>\n<li>Cursant M\u00e0ster d&#8217;Infermeria d&#8217;Anest\u00e8sia, Reanimaci\u00f3 i Terap\u00e8utica del Dolor.<\/li>\n<li>M\u00e9s de 4 anys d&#8217;experi\u00e8ncia.<\/li>\n<\/ul>\n<\/div><\/div>\n<div class=\"spacer\" style=\"height:60px\"><\/div>\n<div class=\"su-spoiler su-spoiler-style-1\"><div class=\"su-spoiler-title\"><i class=\"moon-arrow-right-2 spoiler-button\"><\/i><i class=\"moon-arrow-down spoiler-button spoiler-active\"><\/i><strong>ADMINISTRACI\u00d3<\/strong><\/div><div class=\"su-spoiler-content\">\n<div class=\"heading-wrapper\"><h6><span class=\"heading-line-left\"><\/span><strong>Gesti\u00f3<\/strong><span class=\"heading-line-right\"><\/span><\/h6><\/div><div class=\"staff-wrapper\"><img src=\"\" alt=\"\"\/><div class=\"person-name\">Elena Rodr\u00edguez<i class=\"moon-users-2\"><\/i><\/div><div class=\"person-title\">Administraci\u00f3<\/div><div class=\"person-description\"><\/div><\/div>\n<ul>\n<li>Llicenciada en Administraci\u00f3 i direcci\u00f3 d&#8217;empreses per la Facultat de Ci\u00e8ncies Econ\u00f2miques i Empresarials, Universitat de Barcelona.<\/li>\n<li>Formaci\u00f3 Continuada en comer\u00e7 electr\u00f2nic, funcionament i realitat d&#8217;una empresa i economia i turisme. En IL3 Universitat de Barcelona.<\/li>\n<li>Formada en PNL per l&#8217;Institut de Coaching i PNL Anna Flores.<\/li>\n<\/ul>\n<\/div><\/div>\n<p>\u00a0<\/p>\n\n\n<p><\/p>\n","protected":false},"excerpt":{"rendered":"<p>Equip \u00a0<\/p>\n","protected":false},"author":1,"featured_media":0,"parent":0,"menu_order":0,"comment_status":"open","ping_status":"open","template":"page-left-sidebar.php","meta":[],"_links":{"self":[{"href":"http:\/\/www.psicosedna.com\/cat\/wp-json\/wp\/v2\/pages\/4580"}],"collection":[{"href":"http:\/\/www.psicosedna.com\/cat\/wp-json\/wp\/v2\/pages"}],"about":[{"href":"http:\/\/www.psicosedna.com\/cat\/wp-json\/wp\/v2\/types\/page"}],"author":[{"embeddable":true,"href":"http:\/\/www.psicosedna.com\/cat\/wp-json\/wp\/v2\/users\/1"}],"replies":[{"embeddable":true,"href":"http:\/\/www.psicosedna.com\/cat\/wp-json\/wp\/v2\/comments?post=4580"}],"version-history":[{"count":93,"href":"http:\/\/www.psicosedna.com\/cat\/wp-json\/wp\/v2\/pages\/4580\/revisions"}],"predecessor-version":[{"id":5848,"href":"http:\/\/www.psicosedna.com\/cat\/wp-json\/wp\/v2\/pages\/4580\/revisions\/5848"}],"wp:attachment":[{"href":"http:\/\/www.psicosedna.com\/cat\/wp-json\/wp\/v2\/media?parent=4580"}],"curies":[{"name":"wp","href":"https:\/\/api.w.org\/{rel}","templated":true}]}}