{"id":4602,"date":"2013-11-08T11:18:07","date_gmt":"2013-11-08T11:18:07","guid":{"rendered":"http:\/\/www.psicosedna.com\/cat\/?page_id=4602"},"modified":"2022-01-22T10:15:46","modified_gmt":"2022-01-22T10:15:46","slug":"psicologia-esportiva","status":"publish","type":"page","link":"http:\/\/www.psicosedna.com\/cat\/psicologia-esportiva\/","title":{"rendered":"Psicologia Esportiva"},"content":{"rendered":"<div class=\"spacer\" style=\"height:20px\"><\/div>\n<h1><span style=\"color: #6cb5cb;\">Psicologia Esportiva<\/span><\/h1>\n<div class=\"spacer\" style=\"height:20px\"><\/div>\n<p>Amb l&#8217;objectiu de millorar en la pr\u00e0ctica esportiva o, mitjan\u00e7ant aquesta, a les altres \u00e0rees de la nostra vida.<\/p>\n<div class=\"heading-wrapper\"><h6><span class=\"heading-line-left\"><\/span><strong>A qui va dirigit?<\/strong><span class=\"heading-line-right\"><\/span><\/h6><\/div>\n<ul>\n<li>A tots aquells que volen millorar, en la pr\u00e0ctica de l&#8217;esport, sigui el que sigui el seu nivell. Des dels que volen comen\u00e7ar i no troben la motivaci\u00f3, les ganes o el temps fins als que practiquen esport d&#8217;alt nivell.<\/li>\n<li>Tamb\u00e9 per tots aquells que tenen dificultat\u00a0per conciliar els diferents aspectes que formen part de les nostres vides (fam\u00edlia\/amics\/treball i esport).<\/li>\n<li>I finalment, per tots aquells que volen aconseguir nivells d&#8217;\u00e8xit semblats als quals aconsegueixen en altres \u00e0rees de la seva vida\u2026- S\u00f3c bo en l&#8217;esport, per\u00f2 no aconsegueixo destacar en el treball.- O el cas contrari, s\u00f3c excel\u2022lent i sacrificat en el treball per\u00f2 quan comen\u00e7o a fer esport de seguida em retiro.<\/li>\n<li>Per tots aquells que volen un acompanyament durant la temporada amb l&#8217;objectiu de treballar la motivaci\u00f3, la confian\u00e7a i el disseny\/seguiment dels nostres objectius.<\/li>\n<\/ul>\n<div class=\"heading-wrapper\"><h6><span class=\"heading-line-left\"><\/span><strong>\u00c0rees<\/strong><span class=\"heading-line-right\"><\/span><\/h6><\/div>\n<ul>\n<li>Esport\u00a0Professional.<\/li>\n<li>Esport d&#8217;Alt Rendiment.<\/li>\n<li>Activitat F\u00edsica i Esport Escolar i Universitari.<\/li>\n<li>Esport amateur.<\/li>\n<li>Esport per a poblacions amb necessitats especials.<\/li>\n<\/ul>\n<div class=\"heading-wrapper\"><h6><span class=\"heading-line-left\"><\/span><strong>Metodologia<\/strong><span class=\"heading-line-right\"><\/span><\/h6><\/div>\nAmb les mateixes t\u00e8cniques que la psicologia ve utilitzant amb tant \u00e8xit, per\u00f2 ajustant les metes a les acordades amb l&#8217;esportista. Facilitem els recursos necessaris per afrontar les situacions que se&#8217;ns plantegen. Dotem als nostres\u00a0usuaris de les eines necess\u00e0ries per aconseguir els objectius acordats amb confian\u00e7a i motivaci\u00f3.<\/p>\n<div class=\"heading-wrapper\"><h6><span class=\"heading-line-left\"><\/span><strong>Intervenci\u00f3<\/strong><span class=\"heading-line-right\"><\/span><\/h6><\/div>\n<ul>\n<li>Soluci\u00f3 de problemes \u2013 presa de decisions.<\/li>\n<li>Confian\u00e7a.<\/li>\n<li>Control de l&#8217;ansietat i l&#8217;estres.<\/li>\n<li>Atribuci\u00f3- locus de control.<\/li>\n<li>Habilitats socials \u2013 comunicatives.<\/li>\n<li>L&#8217;equip.<\/li>\n<li>Els objectius.<\/li>\n<li>Intervenci\u00f3 cognitiva.<\/li>\n<\/ul>\n<div class=\"spacer\" style=\"height:40px\"><\/div>\n<p><a href=\"https:\/\/www.doctoralia.es\/clinicas\/psicosedna-psicologia-logopedia-fisioterapia-i-clinica-del-dolor\"><strong>Reservar cita en Psicologia d&#8217;Adults:<\/strong> Psicosedna, Psicolog\u00eda, Logop\u00e8dia, Fisioter\u00e0pia i Cl\u00ednica del Dolor<\/a><\/p>\n<div class=\"spacer\" style=\"height:40px\"><\/div>\n<div class=\"column column-1-3\">\n<div class=\"su-note\" style=\"background-color:#7bbcd0;border:1px solid #5691a2\"><div class=\"su-note-shell\" style=\"border:1px solid #b6dae5; color:#2b4851\"> <a href=\"http:\/\/www.psicosedna.com\/cat\/contacts\/\"><strong><span style=\"color: #ffffff;\">Contacta amb Psicosedna<\/span> <\/strong><\/a><\/div><\/div>\n<\/div>\n<div class=\"column column-1-3 column-last\">\n<\/div><div class=\"clear\"><\/div>\n","protected":false},"excerpt":{"rendered":"<p>Psicologia Esportiva Amb l&#8217;objectiu de millorar en la pr\u00e0ctica esportiva o, mitjan\u00e7ant aquesta, a les altres \u00e0rees de la nostra vida. A tots aquells que volen millorar, en la pr\u00e0ctica de l&#8217;esport, sigui el que sigui el seu nivell. Des dels que volen comen\u00e7ar i no troben la motivaci\u00f3, les ganes o el temps fins [&hellip;]<\/p>\n","protected":false},"author":1,"featured_media":0,"parent":0,"menu_order":0,"comment_status":"open","ping_status":"open","template":"page-left-sidebar.php","meta":[],"_links":{"self":[{"href":"http:\/\/www.psicosedna.com\/cat\/wp-json\/wp\/v2\/pages\/4602"}],"collection":[{"href":"http:\/\/www.psicosedna.com\/cat\/wp-json\/wp\/v2\/pages"}],"about":[{"href":"http:\/\/www.psicosedna.com\/cat\/wp-json\/wp\/v2\/types\/page"}],"author":[{"embeddable":true,"href":"http:\/\/www.psicosedna.com\/cat\/wp-json\/wp\/v2\/users\/1"}],"replies":[{"embeddable":true,"href":"http:\/\/www.psicosedna.com\/cat\/wp-json\/wp\/v2\/comments?post=4602"}],"version-history":[{"count":8,"href":"http:\/\/www.psicosedna.com\/cat\/wp-json\/wp\/v2\/pages\/4602\/revisions"}],"predecessor-version":[{"id":5647,"href":"http:\/\/www.psicosedna.com\/cat\/wp-json\/wp\/v2\/pages\/4602\/revisions\/5647"}],"wp:attachment":[{"href":"http:\/\/www.psicosedna.com\/cat\/wp-json\/wp\/v2\/media?parent=4602"}],"curies":[{"name":"wp","href":"https:\/\/api.w.org\/{rel}","templated":true}]}}