{"id":4887,"date":"2014-08-11T07:51:42","date_gmt":"2014-08-11T07:51:42","guid":{"rendered":"http:\/\/www.psicosedna.com\/cat\/?page_id=4887"},"modified":"2022-01-24T17:29:28","modified_gmt":"2022-01-24T17:29:28","slug":"fisioterapia","status":"publish","type":"page","link":"http:\/\/www.psicosedna.com\/cat\/fisioterapia\/","title":{"rendered":"Fisioter\u00e0pia"},"content":{"rendered":"<div class=\"spacer\" style=\"height:40px\"><\/div>\n<h1><span style=\"color: #6cb5cb;\">Fisioter\u00e0pia<\/span><\/h1>\n<div class=\"spacer\" style=\"height:40px\"><\/div>\n<div class=\"su-spoiler su-spoiler-style-1\"><div class=\"su-spoiler-title\"><i class=\"moon-arrow-right-2 spoiler-button\"><\/i><i class=\"moon-arrow-down spoiler-button spoiler-active\"><\/i><strong><em>Osteopatia<\/em><\/strong><\/div><div class=\"su-spoiler-content\">\n<p>La ter\u00e0pia manual d\u2019osteopatia es basa en el tractament de lesions i bloquejos de l\u2019organisme, els quals afecten els mecanismes d\u2019autocuraci\u00f3 i autoregulaci\u00f3 que posseeix el cos. Tenint sempre present que el s\u00edmptoma aviat apareix lluny del lloc on es troba la lesi\u00f3.<\/p>\n<p>L\u2019objectiu de l\u2019osteopatia \u00e9s trobar la lesi\u00f3 i alliberar-la, ajudant aix\u00ed al nostre cos a qu\u00e8 recuperi aquests mecanismes i restablint el bon funcionament del sistema o diferents sistemes que es veuen afectats (musculoesquel\u00e8tic, visceral, fascial o crani-sacral).<\/p>\n<\/div><\/div>\n<div class=\"su-spoiler su-spoiler-style-1\"><div class=\"su-spoiler-title\"><i class=\"moon-arrow-right-2 spoiler-button\"><\/i><i class=\"moon-arrow-down spoiler-button spoiler-active\"><\/i><strong><em>Fisioter\u00e0pia<\/em><\/strong><\/div><div class=\"su-spoiler-content\">\n<p>La fisioter\u00e0pia \u00e9s la ci\u00e8ncia de la salut que t\u00e9 com a objectiu recuperar les capacitats i funcions del cos despr\u00e9s d\u2019un proc\u00e9s de lesi\u00f3 o malaltia, aix\u00ed com prevenir l\u2019aparici\u00f3 d\u2019aquestes. Per tant, millorar la qualitat de vida del pacient.<\/p>\n<p>Els seus objectius s\u00f3n disminuir el dolor i la inflamaci\u00f3, millorar la funci\u00f3 dels diferents sistemes corporals (musculoesquel\u00e8tic, cardio-respiratori, vascular, limf\u00e0tic, visceral, nervi\u00f3s, postural, equilibri), aix\u00ed com prevenir lesions futures.<\/p>\n<p>Per a complir el seu objectiu, el tractament de fisioter\u00e0pia utilitza diferents t\u00e8cniques, com la ter\u00e0pia manual, elements d\u2019electroter\u00e0pia com la radiofreq\u00fc\u00e8ncia o electroestimulaci\u00f3, la punci\u00f3 seca, embenatges neuromusculars o funcionals, exercicis de potenciaci\u00f3 muscular i posturals, etc.<\/p>\n<\/div><\/div>\n<div class=\"su-spoiler su-spoiler-style-1\"><div class=\"su-spoiler-title\"><i class=\"moon-arrow-right-2 spoiler-button\"><\/i><i class=\"moon-arrow-down spoiler-button spoiler-active\"><\/i><strong><em>INDIBA Activ\u00ae<\/em><\/strong><\/div><div class=\"su-spoiler-content\">\n<p>\u00c9s un tractament mitjan\u00e7ant ondes de radiofreq\u00fc\u00e8ncia que ens possibilita aplicar t\u00e8cniques de ter\u00e0pia manual simult\u00e0niament.<\/p>\n<p>Combinar la ter\u00e0pia manual amb la tecnologia INDIBA\u00ae ens permet estimular la reparaci\u00f3 del teixit, accelerar la recuperaci\u00f3 de les lesions i de disminuir el dolor i la inflamaci\u00f3 des de la primera sessi\u00f3.<\/p>\n<p>Demostra uns resultats magn\u00edfics tant en lesions agudes del teixit, com en lesions cr\u00f2niques. I \u00e9s un complement altament recomanat als tractaments de s\u00f2l p\u00e8lvic, dolor p\u00e8lvic, postpart i incontin\u00e8ncia.<\/p>\n<\/div><\/div>\n<div class=\"su-spoiler su-spoiler-style-1\"><div class=\"su-spoiler-title\"><i class=\"moon-arrow-right-2 spoiler-button\"><\/i><i class=\"moon-arrow-down spoiler-button spoiler-active\"><\/i><strong><em>Escola d\u2019esquena<\/em><\/strong><\/div><div class=\"su-spoiler-content\">\n<p>El dolor lumbar i cervical s\u00f3n dos dels principals problemes pels quals consulten els nostres pacients. Per aix\u00f2 hem volgut posar a la seva disposici\u00f3 un espai on poder realitzar exercicis destinats a millorar el dolor d\u2019esquena, sota la supervisi\u00f3 d\u2019una fisioterapeuta especialitzada.<\/p>\n<p>Les classes es realitzen en grups redu\u00efts (entre 3-6 persones) i es combinen exercicis de diferents disciplines (Pilates, Abdominals, Hipopressius, RPG, etc.), amb l\u2019objectiu de millorar la for\u00e7a dels m\u00fasculs abdominals i de tots els m\u00fasculs que intervenen en la columna, aix\u00ed com a millorar la postura, la respiraci\u00f3 i el control del cos.<\/p>\n<\/div><\/div>\n<div class=\"spacer\" style=\"height:40px\"><\/div>\n<div class=\"heading-wrapper\"><h6><span class=\"heading-line-left\"><\/span><strong>Especialitats<\/strong><span class=\"heading-line-right\"><\/span><\/h6><\/div>\n<ul>\n<li>Traumatologia<\/li>\n<li>Esportiva<\/li>\n<li>Uroginecologia &#8211; Obstetr\u00edcia<\/li>\n<li>Estructural<\/li>\n<li>Visceral<\/li>\n<li>Cranial<\/li>\n<li>Postural<\/li>\n<li>Punci\u00f3 seca<\/li>\n<li>ATM<\/li>\n<\/ul>\n<div class=\"spacer\" style=\"height:40px\"><\/div>\n<div class=\"column column-1-3\">\n<div class=\"su-note\" style=\"background-color:#7bbcd0;border:1px solid #5691a2\"><div class=\"su-note-shell\" style=\"border:1px solid #b6dae5; color:#2b4851\"> <span style=\"color: #ffffff;\"><a style=\"color: #ffffff;\" href=\"http:\/\/www.psicosedna.com\/cat\/contacts\/\"><strong>Contacta amb Psicosedna <\/strong><\/a><\/span><\/div><\/div>\n<\/div>\n<div class=\"column column-1-3 column-last\">\n<\/div><div class=\"clear\"><\/div>\n","protected":false},"excerpt":{"rendered":"<p>Fisioter\u00e0pia Traumatologia Esportiva Uroginecologia &#8211; Obstetr\u00edcia Estructural Visceral Cranial Postural Punci\u00f3 seca ATM<\/p>\n","protected":false},"author":1,"featured_media":0,"parent":0,"menu_order":0,"comment_status":"open","ping_status":"open","template":"page-left-sidebar.php","meta":[],"_links":{"self":[{"href":"http:\/\/www.psicosedna.com\/cat\/wp-json\/wp\/v2\/pages\/4887"}],"collection":[{"href":"http:\/\/www.psicosedna.com\/cat\/wp-json\/wp\/v2\/pages"}],"about":[{"href":"http:\/\/www.psicosedna.com\/cat\/wp-json\/wp\/v2\/types\/page"}],"author":[{"embeddable":true,"href":"http:\/\/www.psicosedna.com\/cat\/wp-json\/wp\/v2\/users\/1"}],"replies":[{"embeddable":true,"href":"http:\/\/www.psicosedna.com\/cat\/wp-json\/wp\/v2\/comments?post=4887"}],"version-history":[{"count":6,"href":"http:\/\/www.psicosedna.com\/cat\/wp-json\/wp\/v2\/pages\/4887\/revisions"}],"predecessor-version":[{"id":5669,"href":"http:\/\/www.psicosedna.com\/cat\/wp-json\/wp\/v2\/pages\/4887\/revisions\/5669"}],"wp:attachment":[{"href":"http:\/\/www.psicosedna.com\/cat\/wp-json\/wp\/v2\/media?parent=4887"}],"curies":[{"name":"wp","href":"https:\/\/api.w.org\/{rel}","templated":true}]}}