{"id":5237,"date":"2017-09-08T09:50:36","date_gmt":"2017-09-08T09:50:36","guid":{"rendered":"http:\/\/www.psicosedna.com\/cat\/?page_id=5237"},"modified":"2022-01-22T10:13:38","modified_gmt":"2022-01-22T10:13:38","slug":"psicologia-i-reproduccio","status":"publish","type":"page","link":"http:\/\/www.psicosedna.com\/cat\/psicologia-i-reproduccio\/","title":{"rendered":"Psicologia i reproducci\u00f3"},"content":{"rendered":"<div class=\"spacer\" style=\"height:20px\"><\/div>\n<h1><span style=\"color: #6cb5cb;\">Psicologia Perinatal<\/span><\/h1>\n<div class=\"spacer\" style=\"height:20px\"><\/div>\n<p>La Psicologia Perinatal est\u00e0 orientada a la prevenci\u00f3, compte, suport, diagn\u00f2stic i intervenci\u00f3 en tots els aspectes\u00a0psico-afectius\u00a0relacionats amb les fam\u00edlies durant tot el proc\u00e9s que precedeix al naixement, \u00e9s a dir, <strong>concepci\u00f3, embar\u00e0s, part, postpart i puerperi<\/strong>; tenint en compte la import\u00e0ncia de l&#8217;establiment d&#8217;un vincle saludable entre la mare, el beb\u00e8 i la fam\u00edlia.<br \/>El principal objectiu \u00e9s fomentar el benestar emocional dels futurs pares, disminuint pors i ansietats enfront del nou rol de la maternitat\/paternitat, desenvolupant la consci\u00e8ncia i les capacitats pr\u00f2pies per a ser participants actius durant el proc\u00e9s.<\/p>\n<p>En consulta fomentarem un espai on poder brindar la contenci\u00f3 psicol\u00f2gica i emocional que pugui necessitar la mama o la fam\u00edlia i on es podran expressar totes les pors, inseguretats i preocupacions entorn a la maternitat. Treballarem els vincles sans i assegurances entre pares i fills des dels primers moments per a facilitar el desenvolupament de la relaci\u00f3, l&#8217;autoestima, l&#8217;autoconcepte, validarem els recursos que disposem per al canvi i potenciarem els que ens puguin ajudar a mantenir el nostre benestar mental en aquesta nova etapa.<\/p>\n<p>La maternitat \u00e9s un canvi vital en la dona no sols des de l&#8217;aspecte biol\u00f2gic, durant el proc\u00e9s es remou tota la nostra identitat tant f\u00edsica com emocional i a vegades el desconeixement o les falses expectatives creades entorn a ella pot generar sentiments oposats. Els estats d&#8217;alegria poden acompanyar-se de moments de tristesa, confusi\u00f3, inseguretat o ansietat quant a com canviar\u00e0 el nostre estil de vida actual. Durant el postpart podem desbordar-nos emocionalment davant la nova situaci\u00f3, sentir que no arribem a tot &#8230; i sentir esgotament emocional. La Psicologia Perinatal ajuda a desmitificar la idea de \u201cmaternitat ideal\u201d per a convertir-la en \u201cla nostra maternitat\u201d, confrontar la situaci\u00f3 actual amb la imaginada per a poder gaudir-la des del seu inici, el proc\u00e9s de la maternitat \u00e9s \u00fanic, \u00e9s especial i cada dona el viu de manera diferent.<\/p>\n<p>Es treballaran temes relacionats amb:<\/p>\n<ul>\n<li>Problemes de fertilitat i dificultats de concepci\u00f3.<\/li>\n<li>Depressi\u00f3 i Ansietat durant l&#8217;embar\u00e0s, el postpart i altres trastorns puerperals.<\/li>\n<li>Adaptaci\u00f3 als canvis emocionals durant l&#8217;embar\u00e0s, part i postpart.<\/li>\n<li>Proc\u00e9s de maternitat conscient.<\/li>\n<li>Prevenci\u00f3 de la por durant l&#8217;embar\u00e0s i enfront del part.<\/li>\n<li>Parts i viv\u00e8ncies traum\u00e0tics anteriors.<\/li>\n<li>La p\u00e8rdua del beb\u00e8.<\/li>\n<li>Problemes durant la lact\u00e0ncia o duels de lact\u00e0ncies anteriors no aconseguides.<\/li>\n<li>L&#8217;adaptaci\u00f3 a la maternitat\/ paternitat.<\/li>\n<li>La vinculaci\u00f3 amb el beb\u00e8 i l&#8217;establiment d&#8217;una inclinaci\u00f3 segura.<\/li>\n<li>Elaboraci\u00f3 d&#8217;un pla de part quant a les nostres necessitats emocionals.<\/li>\n<\/ul>\n<div class=\"spacer\" style=\"height:40px\"><\/div>\n<p><a href=\"https:\/\/www.doctoralia.es\/clinicas\/psicosedna-psicologia-logopedia-fisioterapia-i-clinica-del-dolor\"><strong>Reservar cita en Psicologia d&#8217;Adults:<\/strong> Psicosedna, Psicolog\u00eda, Logop\u00e8dia, Fisioter\u00e0pia i Cl\u00ednica del Dolor<\/a><\/p>\n<div class=\"spacer\" style=\"height:40px\"><\/div>\n<div class=\"column column-1-3\"><div class=\"su-note\" style=\"background-color:#7bbcd0;border:1px solid #5691a2\"><div class=\"su-note-shell\" style=\"border:1px solid #b6dae5; color:#2b4851\"> <span style=\"color: #ffffff;\"><a style=\"color: #ffffff;\" href=\"http:\/\/www.psicosedna.com\/cat\/contacts\/\"><strong>Contacta amb Psicosedna <\/strong><\/a><\/span><\/div><\/div><\/div><div class=\"column column-1-3 column-last\">\n<\/div><div class=\"clear\"><\/div>\n\n\n<p><\/p>\n","protected":false},"excerpt":{"rendered":"<p>Psicologia Perinatal La Psicologia Perinatal est\u00e0 orientada a la prevenci\u00f3, compte, suport, diagn\u00f2stic i intervenci\u00f3 en tots els aspectes\u00a0psico-afectius\u00a0relacionats amb les fam\u00edlies durant tot el proc\u00e9s que precedeix al naixement, \u00e9s a dir, concepci\u00f3, embar\u00e0s, part, postpart i puerperi; tenint en compte la import\u00e0ncia de l&#8217;establiment d&#8217;un vincle saludable entre la mare, el beb\u00e8 i [&hellip;]<\/p>\n","protected":false},"author":2,"featured_media":0,"parent":0,"menu_order":0,"comment_status":"open","ping_status":"open","template":"page-left-sidebar.php","meta":[],"_links":{"self":[{"href":"http:\/\/www.psicosedna.com\/cat\/wp-json\/wp\/v2\/pages\/5237"}],"collection":[{"href":"http:\/\/www.psicosedna.com\/cat\/wp-json\/wp\/v2\/pages"}],"about":[{"href":"http:\/\/www.psicosedna.com\/cat\/wp-json\/wp\/v2\/types\/page"}],"author":[{"embeddable":true,"href":"http:\/\/www.psicosedna.com\/cat\/wp-json\/wp\/v2\/users\/2"}],"replies":[{"embeddable":true,"href":"http:\/\/www.psicosedna.com\/cat\/wp-json\/wp\/v2\/comments?post=5237"}],"version-history":[{"count":6,"href":"http:\/\/www.psicosedna.com\/cat\/wp-json\/wp\/v2\/pages\/5237\/revisions"}],"predecessor-version":[{"id":5646,"href":"http:\/\/www.psicosedna.com\/cat\/wp-json\/wp\/v2\/pages\/5237\/revisions\/5646"}],"wp:attachment":[{"href":"http:\/\/www.psicosedna.com\/cat\/wp-json\/wp\/v2\/media?parent=5237"}],"curies":[{"name":"wp","href":"https:\/\/api.w.org\/{rel}","templated":true}]}}