{"id":5338,"date":"2019-05-20T19:23:09","date_gmt":"2019-05-20T19:23:09","guid":{"rendered":"http:\/\/www.psicosedna.com\/cat\/?page_id=5338"},"modified":"2025-10-01T17:29:08","modified_gmt":"2025-10-01T17:29:08","slug":"clinica-del-dolor","status":"publish","type":"page","link":"http:\/\/www.psicosedna.com\/cat\/clinica-del-dolor\/","title":{"rendered":"Cl\u00ednica del dolor"},"content":{"rendered":"<div class=\"spacer\" style=\"height:40px\"><\/div>\n<h1><span style=\"color: #6cb5cb;\">Cl\u00ednica del Dolor<\/span><\/h1>\n<div class=\"spacer\" style=\"height:40px\"><\/div>\n<p>Lamentem informar-li que la cl\u00ednica del Dolor ja no es troba en funcionament. Lamentem les mol\u00e8sties.<\/p>\n","protected":false},"excerpt":{"rendered":"<p>Cl\u00ednica del Dolor Lamentem informar-li que la cl\u00ednica del Dolor ja no es troba en funcionament. Lamentem les mol\u00e8sties.<\/p>\n","protected":false},"author":2,"featured_media":0,"parent":0,"menu_order":0,"comment_status":"open","ping_status":"open","template":"page-left-sidebar.php","meta":[],"_links":{"self":[{"href":"http:\/\/www.psicosedna.com\/cat\/wp-json\/wp\/v2\/pages\/5338"}],"collection":[{"href":"http:\/\/www.psicosedna.com\/cat\/wp-json\/wp\/v2\/pages"}],"about":[{"href":"http:\/\/www.psicosedna.com\/cat\/wp-json\/wp\/v2\/types\/page"}],"author":[{"embeddable":true,"href":"http:\/\/www.psicosedna.com\/cat\/wp-json\/wp\/v2\/users\/2"}],"replies":[{"embeddable":true,"href":"http:\/\/www.psicosedna.com\/cat\/wp-json\/wp\/v2\/comments?post=5338"}],"version-history":[{"count":19,"href":"http:\/\/www.psicosedna.com\/cat\/wp-json\/wp\/v2\/pages\/5338\/revisions"}],"predecessor-version":[{"id":5846,"href":"http:\/\/www.psicosedna.com\/cat\/wp-json\/wp\/v2\/pages\/5338\/revisions\/5846"}],"wp:attachment":[{"href":"http:\/\/www.psicosedna.com\/cat\/wp-json\/wp\/v2\/media?parent=5338"}],"curies":[{"name":"wp","href":"https:\/\/api.w.org\/{rel}","templated":true}]}}