{"id":5810,"date":"2024-11-21T11:35:03","date_gmt":"2024-11-21T11:35:03","guid":{"rendered":"https:\/\/www.psicosedna.com\/cat\/?page_id=5810"},"modified":"2024-11-21T11:35:04","modified_gmt":"2024-11-21T11:35:04","slug":"supervisio-clinica","status":"publish","type":"page","link":"http:\/\/www.psicosedna.com\/cat\/supervisio-clinica\/","title":{"rendered":"Supervisi\u00f3 Cl\u00ednica"},"content":{"rendered":"\n<h1><span style=\"color:#6cb5cb\" class=\"has-inline-color\">Supervisi\u00f3 Cl\u00ednica<\/span><\/h1>\n\n\n\n<div class=\"spacer\" style=\"height:40px\"><\/div>\n\n\n\n<p>Oferim supervisi\u00f3 Cl\u00ednica per a Professionals de la Psicologia!<\/p>\n\n\n\n<p>Ets psic\u00f2leg\/a a la recerca de suport i creixement professional? Et convidem a participar en les nostres sessions de supervisi\u00f3 cl\u00ednica, dissenyades per a fomentar el teu desenvolupament i millorar la teva pr\u00e0ctica.<\/p>\n\n\n\n<p>Qu\u00e8 oferim?<\/p>\n\n\n\n<p>Orientaci\u00f3 Personalitzada: Sessions individuals o grupals adaptades a les teves necessitats i objectius.<br>An\u00e0lisi de Casos: Oportunitat de discutir casos cl\u00ednics en un entorn segur i confidencial.<br>Desenvolupament d&#8217;Habilitats: Millora les teves t\u00e8cniques terap\u00e8utiques i apr\u00e8n noves estrat\u00e8gies d&#8217;intervenci\u00f3.<br>Suport Emocional: Un espai per a compartir els teus desafiaments i experi\u00e8ncies amb col\u00b7legues.<\/p>\n\n\n\n<p>Qui som?<\/p>\n\n\n\n<p>Comptem amb un equip de supervisors altament capacitats i amb \u00e0mplia experi\u00e8ncia en diverses \u00e0rees de la psicologia. El nostre enfocament es basa en l&#8217;\u00e8tica, la reflexi\u00f3 cr\u00edtica i el benestar professional.<\/p>\n\n\n\n<p>Si vols m\u00e9s informaci\u00f3 posa&#8217;t en contacte amb nosaltres:<\/p>\n\n\n\n<p>Email: [info@psicosedna.com]<br>Tel\u00e8fon: [933.721.216] Whatsapp [676.631.606]\n\n\n\n<p>No perdis l&#8217;oportunitat de potenciar la teva pr\u00e0ctica i benestar professional!<\/p>\n\n\n\n<p><\/p>\n\n\n\n<p><\/p>\n\n\n\n<p><\/p>\n\n\n<div class=\"column column-1-3\">\n<div class=\"su-note\" style=\"background-color:#7bbcd0;border:1px solid #5691a2\"><div class=\"su-note-shell\" style=\"border:1px solid #b6dae5; color:#2b4851\"> <a href=\"http:\/\/www.psicosedna.com\/cat\/contacts\/\"><strong><span style=\"color: #ffffff;\">Contacta amb Psicosedna<\/span> <\/strong><\/a><\/div><\/div>\n<\/div>\n\n\n<div class=\"column column-1-3 column-last\">\n<\/div><div class=\"clear\"><\/div>\n","protected":false},"excerpt":{"rendered":"<p>Supervisi\u00f3 Cl\u00ednica Oferim supervisi\u00f3 Cl\u00ednica per a Professionals de la Psicologia! Ets psic\u00f2leg\/a a la recerca de suport i creixement professional? Et convidem a participar en les nostres sessions de supervisi\u00f3 cl\u00ednica, dissenyades per a fomentar el teu desenvolupament i millorar la teva pr\u00e0ctica. Qu\u00e8 oferim? Orientaci\u00f3 Personalitzada: Sessions individuals o grupals adaptades a les [&hellip;]<\/p>\n","protected":false},"author":2,"featured_media":0,"parent":0,"menu_order":0,"comment_status":"closed","ping_status":"closed","template":"page-left-sidebar.php","meta":[],"_links":{"self":[{"href":"http:\/\/www.psicosedna.com\/cat\/wp-json\/wp\/v2\/pages\/5810"}],"collection":[{"href":"http:\/\/www.psicosedna.com\/cat\/wp-json\/wp\/v2\/pages"}],"about":[{"href":"http:\/\/www.psicosedna.com\/cat\/wp-json\/wp\/v2\/types\/page"}],"author":[{"embeddable":true,"href":"http:\/\/www.psicosedna.com\/cat\/wp-json\/wp\/v2\/users\/2"}],"replies":[{"embeddable":true,"href":"http:\/\/www.psicosedna.com\/cat\/wp-json\/wp\/v2\/comments?post=5810"}],"version-history":[{"count":2,"href":"http:\/\/www.psicosedna.com\/cat\/wp-json\/wp\/v2\/pages\/5810\/revisions"}],"predecessor-version":[{"id":5812,"href":"http:\/\/www.psicosedna.com\/cat\/wp-json\/wp\/v2\/pages\/5810\/revisions\/5812"}],"wp:attachment":[{"href":"http:\/\/www.psicosedna.com\/cat\/wp-json\/wp\/v2\/media?parent=5810"}],"curies":[{"name":"wp","href":"https:\/\/api.w.org\/{rel}","templated":true}]}}